{"id":19785,"date":"2015-06-29T15:18:36","date_gmt":"2015-06-29T12:18:36","guid":{"rendered":"http:\/\/dev.helsingintanssiopisto.fi\/?page_id=19785"},"modified":"2026-03-03T11:53:36","modified_gmt":"2026-03-03T09:53:36","slug":"dance-carousel","status":"publish","type":"page","link":"https:\/\/www.helsingintanssiopisto.fi\/en\/dance-carousel\/","title":{"rendered":"Dance Carousels for youth"},"content":{"rendered":"<p><strong>Come enjoy our joyful day camps for 8<\/strong><strong>\u2013<\/strong><strong>11 year olds at Leip\u00e4tehdas!<\/strong><\/p>\n<p>The camps consist of ballet, contemporary, improvisation, dance composition, showdance, tap dance\/dance acrobatics and also a little stretching, games and joyous togetherness. (You can lend tap shoes from tanssiopisto if needed.) All children from 8 to 11 year old with previous experience in some dance style can participate.<\/p>\n<p>Camp program:<strong> 09.00-16.15.<\/strong> You can bring your child to the camp venue already at 8.30 and pick them up by 17.00.<\/p>\n<h4><strong>Mon 1 \u2013 Thu 4 JUNE<\/strong><\/h4>\n<p><strong>Course number<\/strong>: 26124\u00a0 | <strong>Camp fee<\/strong>: 205 \u20ac \u2013 inc. lunch<\/p>\n<p><strong>Teachers<\/strong>: Hanna Haartemo (ballet), Tiia H\u00e4m\u00e4l\u00e4inen (contemporary), Ann-Sofi Kyrklund-Ramirez (step dance) and Hilppa Herd (show dance)<\/p>\n<h4><strong>Mon 8 \u2013 Thu 11 JUNE\u00a0\u00a0<\/strong><\/h4>\n<p><strong>Course number<\/strong>: 26125\u00a0 \u00a0| <strong>Course number<\/strong>: 205 \u20ac \u2013 inc. lunch<\/p>\n<p><strong>Teachers<\/strong>: Hanna Haartemo (ballet), Tiia H\u00e4m\u00e4l\u00e4inen (contemporary), Ann-Sofi Kyrklund-Ramirez (step dance) and Taika Rautiainen (show dance)<\/p>\n<h4><strong>Mon 3 \u2013 Thu 6 AUGUST<\/strong><\/h4>\n<p><strong>Course number<\/strong>: 26126 |\u00a0 <strong>Course number<\/strong>: 205 \u20ac \u2013 inc. lunch<\/p>\n<p><strong>Teachers<\/strong>: Riikka J\u00e4rvel\u00e4 (ballet), Nea Santibanez Munoz (contemporary), Emmi Luoto (show dance and acro)<\/p>\n<p>Studio information\u00a0<a href=\"https:\/\/www.helsingintanssiopisto.fi\/en\/helsinki\/\">here<\/a>.<\/p>\n","protected":false},"excerpt":{"rendered":"<p>Come enjoy our joyful day camps for 8\u201311 year olds at Leip\u00e4tehdas! The camps consist of ballet, contemporary, improvisation, dance composition, showdance, tap dance\/dance acrobatics and also a little stretching, games and joyous togetherness. (You can lend tap shoes from tanssiopisto if needed.) All children from 8 to 11 year old with previous experience in [&hellip;]<\/p>\n","protected":false},"author":10,"featured_media":0,"parent":0,"menu_order":0,"comment_status":"closed","ping_status":"closed","template":"","meta":{"_acf_changed":false,"footnotes":""},"class_list":["post-19785","page","type-page","status-publish","hentry"],"acf":[],"yoast_head":"<!-- This site is optimized with the Yoast SEO plugin v27.2 - https:\/\/yoast.com\/product\/yoast-seo-wordpress\/ -->\n<title>Dance Carousels for youth - Helsingin tanssiopisto<\/title>\n<meta name=\"robots\" content=\"index, follow, max-snippet:-1, max-image-preview:large, max-video-preview:-1\" \/>\n<link rel=\"canonical\" href=\"https:\/\/www.helsingintanssiopisto.fi\/en\/dance-carousel\/\" \/>\n<meta property=\"og:locale\" content=\"en_US\" \/>\n<meta property=\"og:type\" content=\"article\" \/>\n<meta property=\"og:title\" content=\"Dance Carousels for youth - Helsingin tanssiopisto\" \/>\n<meta property=\"og:description\" content=\"Come enjoy our joyful day camps for 8\u201311 year olds at Leip\u00e4tehdas! The camps consist of ballet, contemporary, improvisation, dance composition, showdance, tap dance\/dance acrobatics and also a little stretching, games and joyous togetherness. (You can lend tap shoes from tanssiopisto if needed.) All children from 8 to 11 year old with previous experience in [&hellip;]\" \/>\n<meta property=\"og:url\" content=\"https:\/\/www.helsingintanssiopisto.fi\/en\/dance-carousel\/\" \/>\n<meta property=\"og:site_name\" content=\"Helsingin tanssiopisto\" \/>\n<meta property=\"article:modified_time\" content=\"2026-03-03T09:53:36+00:00\" \/>\n<meta name=\"twitter:card\" content=\"summary_large_image\" \/>\n<meta name=\"twitter:label1\" content=\"Est. reading time\" \/>\n\t<meta name=\"twitter:data1\" content=\"1 minute\" \/>\n<script type=\"application\/ld+json\" class=\"yoast-schema-graph\">{\"@context\":\"https:\/\/schema.org\",\"@graph\":[{\"@type\":\"WebPage\",\"@id\":\"https:\/\/www.helsingintanssiopisto.fi\/en\/dance-carousel\/\",\"url\":\"https:\/\/www.helsingintanssiopisto.fi\/en\/dance-carousel\/\",\"name\":\"Dance Carousels for youth - Helsingin tanssiopisto\",\"isPartOf\":{\"@id\":\"https:\/\/www.helsingintanssiopisto.fi\/#website\"},\"datePublished\":\"2015-06-29T12:18:36+00:00\",\"dateModified\":\"2026-03-03T09:53:36+00:00\",\"breadcrumb\":{\"@id\":\"https:\/\/www.helsingintanssiopisto.fi\/en\/dance-carousel\/#breadcrumb\"},\"inLanguage\":\"en-US\",\"potentialAction\":[{\"@type\":\"ReadAction\",\"target\":[\"https:\/\/www.helsingintanssiopisto.fi\/en\/dance-carousel\/\"]}]},{\"@type\":\"BreadcrumbList\",\"@id\":\"https:\/\/www.helsingintanssiopisto.fi\/en\/dance-carousel\/#breadcrumb\",\"itemListElement\":[{\"@type\":\"ListItem\",\"position\":1,\"name\":\"Home\",\"item\":\"https:\/\/www.helsingintanssiopisto.fi\/en\/\"},{\"@type\":\"ListItem\",\"position\":2,\"name\":\"Dance Carousels for youth\"}]},{\"@type\":\"WebSite\",\"@id\":\"https:\/\/www.helsingintanssiopisto.fi\/#website\",\"url\":\"https:\/\/www.helsingintanssiopisto.fi\/\",\"name\":\"Helsingin tanssiopisto\",\"description\":\"Ihan uusi WordPress-sivusto\",\"potentialAction\":[{\"@type\":\"SearchAction\",\"target\":{\"@type\":\"EntryPoint\",\"urlTemplate\":\"https:\/\/www.helsingintanssiopisto.fi\/?s={search_term_string}\"},\"query-input\":{\"@type\":\"PropertyValueSpecification\",\"valueRequired\":true,\"valueName\":\"search_term_string\"}}],\"inLanguage\":\"en-US\"}]}<\/script>\n<!-- \/ Yoast SEO plugin. -->","yoast_head_json":{"title":"Dance Carousels for youth - Helsingin tanssiopisto","robots":{"index":"index","follow":"follow","max-snippet":"max-snippet:-1","max-image-preview":"max-image-preview:large","max-video-preview":"max-video-preview:-1"},"canonical":"https:\/\/www.helsingintanssiopisto.fi\/en\/dance-carousel\/","og_locale":"en_US","og_type":"article","og_title":"Dance Carousels for youth - Helsingin tanssiopisto","og_description":"Come enjoy our joyful day camps for 8\u201311 year olds at Leip\u00e4tehdas! The camps consist of ballet, contemporary, improvisation, dance composition, showdance, tap dance\/dance acrobatics and also a little stretching, games and joyous togetherness. (You can lend tap shoes from tanssiopisto if needed.) All children from 8 to 11 year old with previous experience in [&hellip;]","og_url":"https:\/\/www.helsingintanssiopisto.fi\/en\/dance-carousel\/","og_site_name":"Helsingin tanssiopisto","article_modified_time":"2026-03-03T09:53:36+00:00","twitter_card":"summary_large_image","twitter_misc":{"Est. reading time":"1 minute"},"schema":{"@context":"https:\/\/schema.org","@graph":[{"@type":"WebPage","@id":"https:\/\/www.helsingintanssiopisto.fi\/en\/dance-carousel\/","url":"https:\/\/www.helsingintanssiopisto.fi\/en\/dance-carousel\/","name":"Dance Carousels for youth - Helsingin tanssiopisto","isPartOf":{"@id":"https:\/\/www.helsingintanssiopisto.fi\/#website"},"datePublished":"2015-06-29T12:18:36+00:00","dateModified":"2026-03-03T09:53:36+00:00","breadcrumb":{"@id":"https:\/\/www.helsingintanssiopisto.fi\/en\/dance-carousel\/#breadcrumb"},"inLanguage":"en-US","potentialAction":[{"@type":"ReadAction","target":["https:\/\/www.helsingintanssiopisto.fi\/en\/dance-carousel\/"]}]},{"@type":"BreadcrumbList","@id":"https:\/\/www.helsingintanssiopisto.fi\/en\/dance-carousel\/#breadcrumb","itemListElement":[{"@type":"ListItem","position":1,"name":"Home","item":"https:\/\/www.helsingintanssiopisto.fi\/en\/"},{"@type":"ListItem","position":2,"name":"Dance Carousels for youth"}]},{"@type":"WebSite","@id":"https:\/\/www.helsingintanssiopisto.fi\/#website","url":"https:\/\/www.helsingintanssiopisto.fi\/","name":"Helsingin tanssiopisto","description":"Ihan uusi WordPress-sivusto","potentialAction":[{"@type":"SearchAction","target":{"@type":"EntryPoint","urlTemplate":"https:\/\/www.helsingintanssiopisto.fi\/?s={search_term_string}"},"query-input":{"@type":"PropertyValueSpecification","valueRequired":true,"valueName":"search_term_string"}}],"inLanguage":"en-US"}]}},"_links":{"self":[{"href":"https:\/\/www.helsingintanssiopisto.fi\/en\/wp-json\/wp\/v2\/pages\/19785","targetHints":{"allow":["GET"]}}],"collection":[{"href":"https:\/\/www.helsingintanssiopisto.fi\/en\/wp-json\/wp\/v2\/pages"}],"about":[{"href":"https:\/\/www.helsingintanssiopisto.fi\/en\/wp-json\/wp\/v2\/types\/page"}],"author":[{"embeddable":true,"href":"https:\/\/www.helsingintanssiopisto.fi\/en\/wp-json\/wp\/v2\/users\/10"}],"replies":[{"embeddable":true,"href":"https:\/\/www.helsingintanssiopisto.fi\/en\/wp-json\/wp\/v2\/comments?post=19785"}],"version-history":[{"count":9,"href":"https:\/\/www.helsingintanssiopisto.fi\/en\/wp-json\/wp\/v2\/pages\/19785\/revisions"}],"predecessor-version":[{"id":3675713,"href":"https:\/\/www.helsingintanssiopisto.fi\/en\/wp-json\/wp\/v2\/pages\/19785\/revisions\/3675713"}],"wp:attachment":[{"href":"https:\/\/www.helsingintanssiopisto.fi\/en\/wp-json\/wp\/v2\/media?parent=19785"}],"curies":[{"name":"wp","href":"https:\/\/api.w.org\/{rel}","templated":true}]}}