{"id":19769,"date":"2015-06-29T14:53:29","date_gmt":"2015-06-29T11:53:29","guid":{"rendered":"http:\/\/dev.helsingintanssiopisto.fi\/?page_id=19769"},"modified":"2026-03-03T11:15:00","modified_gmt":"2026-03-03T09:15:00","slug":"lappvaarti-summercamps","status":"publish","type":"page","link":"https:\/\/www.helsingintanssiopisto.fi\/en\/lappvaarti-summercamps\/","title":{"rendered":"Lapv\u00e4\u00e4rtti Country Camps for youth and teens"},"content":{"rendered":"<p>Lapv\u00e4\u00e4rtti dance camps are loved by young dancers who keep coming back summer after summer. The location, Lappv\u00e4\u00e4rtti adult education centre is located in a peaceful rural environment in Vaasa province, eight kilometres from Kristiinankaupunki.<\/p>\n<h4>Who is this camp for?<\/h4>\n<p>The camps are aimed for youth between 10 and and 18 years with at least 2 years ballet or contemporary dance experience.<br \/>\nThe first 40 registrations will be accepted.<\/p>\n<h4>Camp programme<\/h4>\n<p>The daily program consist of of ballet, contemporary, improvisation, dance knowledge and repertoire. After classes the dancers can watch dance videos, barbeque, bathe in the sauna and get to know their fellow dancer friends. All the dancers will make a performance that will be performed in the extensive classes performance during the fall season.<\/p>\n<h4>Camp fee<\/h4>\n<p>Camp fee 360 \u20ac includes the classes, lodging in 2-4 person rooms and meals. (Travelling expenses not included)<\/p>\n<p>The journey to the camp is made by bus with the teachers. The cost of the bus will be determined by the amount of participants.<\/p>\n<h4>June camp<\/h4>\n<p>Time: Wed 10.6\u2013Tue 16.6.<br \/>\nCourse number: 26112<br \/>\nTeachers: Carola J\u00e4derholm \/ Ballet, Anni Lantto \/ Contemporary<br \/>\nTravel: The bus to the camp leaves from Leip\u00e4tehdas (Lintulahdenkuja 4) on Wed 10th June, time TBC.<\/p>\n<p><strong>August camp<\/strong><\/p>\n<p>Time: Sun 2.8.\u2013 Sat 8.8.<br \/>\nCourse number: 26113<br \/>\nTeachers: Nea Hoffstr\u00f6m \/ Ballet, Marja Koponen \/ Contemporary<br \/>\nTravel: The bus to the camp leaves from Leip\u00e4tehdas (Lintulahdenkuja 4) on Sun 2th August, time TBC.<\/p>\n","protected":false},"excerpt":{"rendered":"<p>Lapv\u00e4\u00e4rtti dance camps are loved by young dancers who keep coming back summer after summer. The location, Lappv\u00e4\u00e4rtti adult education centre is located in a peaceful rural environment in Vaasa province, eight kilometres from Kristiinankaupunki. Who is this camp for? The camps are aimed for youth between 10 and and 18 years with at least [&hellip;]<\/p>\n","protected":false},"author":10,"featured_media":0,"parent":0,"menu_order":0,"comment_status":"closed","ping_status":"closed","template":"","meta":{"_acf_changed":false,"footnotes":""},"class_list":["post-19769","page","type-page","status-publish","hentry"],"acf":[],"yoast_head":"<!-- This site is optimized with the Yoast SEO plugin v27.2 - https:\/\/yoast.com\/product\/yoast-seo-wordpress\/ -->\n<title>Lapv\u00e4\u00e4rtti Country Camps for youth and teens - Helsingin tanssiopisto<\/title>\n<meta name=\"robots\" content=\"index, follow, max-snippet:-1, max-image-preview:large, max-video-preview:-1\" \/>\n<link rel=\"canonical\" href=\"https:\/\/www.helsingintanssiopisto.fi\/en\/lappvaarti-summercamps\/\" \/>\n<meta property=\"og:locale\" content=\"en_US\" \/>\n<meta property=\"og:type\" content=\"article\" \/>\n<meta property=\"og:title\" content=\"Lapv\u00e4\u00e4rtti Country Camps for youth and teens - Helsingin tanssiopisto\" \/>\n<meta property=\"og:description\" content=\"Lapv\u00e4\u00e4rtti dance camps are loved by young dancers who keep coming back summer after summer. The location, Lappv\u00e4\u00e4rtti adult education centre is located in a peaceful rural environment in Vaasa province, eight kilometres from Kristiinankaupunki. Who is this camp for? The camps are aimed for youth between 10 and and 18 years with at least [&hellip;]\" \/>\n<meta property=\"og:url\" content=\"https:\/\/www.helsingintanssiopisto.fi\/en\/lappvaarti-summercamps\/\" \/>\n<meta property=\"og:site_name\" content=\"Helsingin tanssiopisto\" \/>\n<meta property=\"article:modified_time\" content=\"2026-03-03T09:15:00+00:00\" \/>\n<meta name=\"twitter:card\" content=\"summary_large_image\" \/>\n<meta name=\"twitter:label1\" content=\"Est. reading time\" \/>\n\t<meta name=\"twitter:data1\" content=\"2 minutes\" \/>\n<script type=\"application\/ld+json\" class=\"yoast-schema-graph\">{\"@context\":\"https:\/\/schema.org\",\"@graph\":[{\"@type\":\"WebPage\",\"@id\":\"https:\/\/www.helsingintanssiopisto.fi\/en\/lappvaarti-summercamps\/\",\"url\":\"https:\/\/www.helsingintanssiopisto.fi\/en\/lappvaarti-summercamps\/\",\"name\":\"Lapv\u00e4\u00e4rtti Country Camps for youth and teens - Helsingin tanssiopisto\",\"isPartOf\":{\"@id\":\"https:\/\/www.helsingintanssiopisto.fi\/#website\"},\"datePublished\":\"2015-06-29T11:53:29+00:00\",\"dateModified\":\"2026-03-03T09:15:00+00:00\",\"breadcrumb\":{\"@id\":\"https:\/\/www.helsingintanssiopisto.fi\/en\/lappvaarti-summercamps\/#breadcrumb\"},\"inLanguage\":\"en-US\",\"potentialAction\":[{\"@type\":\"ReadAction\",\"target\":[\"https:\/\/www.helsingintanssiopisto.fi\/en\/lappvaarti-summercamps\/\"]}]},{\"@type\":\"BreadcrumbList\",\"@id\":\"https:\/\/www.helsingintanssiopisto.fi\/en\/lappvaarti-summercamps\/#breadcrumb\",\"itemListElement\":[{\"@type\":\"ListItem\",\"position\":1,\"name\":\"Home\",\"item\":\"https:\/\/www.helsingintanssiopisto.fi\/en\/\"},{\"@type\":\"ListItem\",\"position\":2,\"name\":\"Lapv\u00e4\u00e4rtti Country Camps for youth and teens\"}]},{\"@type\":\"WebSite\",\"@id\":\"https:\/\/www.helsingintanssiopisto.fi\/#website\",\"url\":\"https:\/\/www.helsingintanssiopisto.fi\/\",\"name\":\"Helsingin tanssiopisto\",\"description\":\"Ihan uusi WordPress-sivusto\",\"potentialAction\":[{\"@type\":\"SearchAction\",\"target\":{\"@type\":\"EntryPoint\",\"urlTemplate\":\"https:\/\/www.helsingintanssiopisto.fi\/?s={search_term_string}\"},\"query-input\":{\"@type\":\"PropertyValueSpecification\",\"valueRequired\":true,\"valueName\":\"search_term_string\"}}],\"inLanguage\":\"en-US\"}]}<\/script>\n<!-- \/ Yoast SEO plugin. -->","yoast_head_json":{"title":"Lapv\u00e4\u00e4rtti Country Camps for youth and teens - Helsingin tanssiopisto","robots":{"index":"index","follow":"follow","max-snippet":"max-snippet:-1","max-image-preview":"max-image-preview:large","max-video-preview":"max-video-preview:-1"},"canonical":"https:\/\/www.helsingintanssiopisto.fi\/en\/lappvaarti-summercamps\/","og_locale":"en_US","og_type":"article","og_title":"Lapv\u00e4\u00e4rtti Country Camps for youth and teens - Helsingin tanssiopisto","og_description":"Lapv\u00e4\u00e4rtti dance camps are loved by young dancers who keep coming back summer after summer. The location, Lappv\u00e4\u00e4rtti adult education centre is located in a peaceful rural environment in Vaasa province, eight kilometres from Kristiinankaupunki. Who is this camp for? The camps are aimed for youth between 10 and and 18 years with at least [&hellip;]","og_url":"https:\/\/www.helsingintanssiopisto.fi\/en\/lappvaarti-summercamps\/","og_site_name":"Helsingin tanssiopisto","article_modified_time":"2026-03-03T09:15:00+00:00","twitter_card":"summary_large_image","twitter_misc":{"Est. reading time":"2 minutes"},"schema":{"@context":"https:\/\/schema.org","@graph":[{"@type":"WebPage","@id":"https:\/\/www.helsingintanssiopisto.fi\/en\/lappvaarti-summercamps\/","url":"https:\/\/www.helsingintanssiopisto.fi\/en\/lappvaarti-summercamps\/","name":"Lapv\u00e4\u00e4rtti Country Camps for youth and teens - Helsingin tanssiopisto","isPartOf":{"@id":"https:\/\/www.helsingintanssiopisto.fi\/#website"},"datePublished":"2015-06-29T11:53:29+00:00","dateModified":"2026-03-03T09:15:00+00:00","breadcrumb":{"@id":"https:\/\/www.helsingintanssiopisto.fi\/en\/lappvaarti-summercamps\/#breadcrumb"},"inLanguage":"en-US","potentialAction":[{"@type":"ReadAction","target":["https:\/\/www.helsingintanssiopisto.fi\/en\/lappvaarti-summercamps\/"]}]},{"@type":"BreadcrumbList","@id":"https:\/\/www.helsingintanssiopisto.fi\/en\/lappvaarti-summercamps\/#breadcrumb","itemListElement":[{"@type":"ListItem","position":1,"name":"Home","item":"https:\/\/www.helsingintanssiopisto.fi\/en\/"},{"@type":"ListItem","position":2,"name":"Lapv\u00e4\u00e4rtti Country Camps for youth and teens"}]},{"@type":"WebSite","@id":"https:\/\/www.helsingintanssiopisto.fi\/#website","url":"https:\/\/www.helsingintanssiopisto.fi\/","name":"Helsingin tanssiopisto","description":"Ihan uusi WordPress-sivusto","potentialAction":[{"@type":"SearchAction","target":{"@type":"EntryPoint","urlTemplate":"https:\/\/www.helsingintanssiopisto.fi\/?s={search_term_string}"},"query-input":{"@type":"PropertyValueSpecification","valueRequired":true,"valueName":"search_term_string"}}],"inLanguage":"en-US"}]}},"_links":{"self":[{"href":"https:\/\/www.helsingintanssiopisto.fi\/en\/wp-json\/wp\/v2\/pages\/19769","targetHints":{"allow":["GET"]}}],"collection":[{"href":"https:\/\/www.helsingintanssiopisto.fi\/en\/wp-json\/wp\/v2\/pages"}],"about":[{"href":"https:\/\/www.helsingintanssiopisto.fi\/en\/wp-json\/wp\/v2\/types\/page"}],"author":[{"embeddable":true,"href":"https:\/\/www.helsingintanssiopisto.fi\/en\/wp-json\/wp\/v2\/users\/10"}],"replies":[{"embeddable":true,"href":"https:\/\/www.helsingintanssiopisto.fi\/en\/wp-json\/wp\/v2\/comments?post=19769"}],"version-history":[{"count":8,"href":"https:\/\/www.helsingintanssiopisto.fi\/en\/wp-json\/wp\/v2\/pages\/19769\/revisions"}],"predecessor-version":[{"id":3675711,"href":"https:\/\/www.helsingintanssiopisto.fi\/en\/wp-json\/wp\/v2\/pages\/19769\/revisions\/3675711"}],"wp:attachment":[{"href":"https:\/\/www.helsingintanssiopisto.fi\/en\/wp-json\/wp\/v2\/media?parent=19769"}],"curies":[{"name":"wp","href":"https:\/\/api.w.org\/{rel}","templated":true}]}}