{"id":19360,"date":"2015-06-17T21:53:47","date_gmt":"2015-06-17T18:53:47","guid":{"rendered":"http:\/\/dev.helsingintanssiopisto.fi\/?page_id=19360"},"modified":"2026-02-25T15:19:41","modified_gmt":"2026-02-25T13:19:41","slug":"19360-2","status":"publish","type":"page","link":"https:\/\/www.helsingintanssiopisto.fi\/en\/summer\/19360-2\/","title":{"rendered":"Venues in the summer"},"content":{"rendered":"<h4>KAMP 1-3<\/h4>\n<p>Kamppi\u2019s studios, Salomonkatu 17 \/ Fredrikinkatu 46 (Autotalo), 2nd floor.<br \/>\nEntry with the\u00a0<strong>door code<\/strong>\u00a0from Fredrikinkatu street. Use the door on the right from A-main doors.\u00a0<strong>Ask for door code at the Student Office!<\/strong><\/p>\n<h4>KAS 1-5<\/h4>\n<p>Kasarmitori&#8217;s studios, Kasarmikatu 19. Entry from the side of the square.<\/p>\n<h4>K\u00c4P<\/h4>\n<p>K\u00e4pyl\u00e4nkuja 1 (Karjalatalo). <strong> Entrance from V\u00e4in\u00f6l\u00e4nkuja.<strong> Ask for door code at the Student Office!<\/strong><strong><br \/>\n<\/strong><\/strong><\/p>\n<h4>LEI 1-4<\/h4>\n<p>Leip\u00e4tehdas,\u00a0 Kaikukatu 4 A, outbuilding: 5th floor. The courtyard can also be entered from the Lintulahdenkuja street.\u00a0<strong>Ask for door code at the Student Office!<\/strong><\/p>\n<h4>LEI 5-8<\/h4>\n<p>Leip\u00e4tehdas,\u00a0 Kaikukatu 4 A, outbuilding: 6th floor. The courtyard can also be entered from the Lintulahdenkuja street.\u00a0<strong>Ask for door code at the Student Office!<\/strong><\/p>\n<p>&nbsp;<\/p>\n<h4>Student office<\/h4>\n<p>Mannerheimintie 40 A, 00100 Helsinki (1st floor)<br \/>\np. (09) 681 2120<br \/>\nhto(at)helsingintanssiopisto.fi<\/p>\n<p>Summer 2026 opening hours:<\/p>\n<p>Mon-Fri:<br \/>\n<strong>1.6.\u20135.7. <\/strong>at\u00a09\u201317 | <strong>6.7.\u201319.7. <\/strong>at 8.30\u201316.30 (closed at 13.00\u201314.00)<strong><br \/>\n20.7.\u201326.7. <\/strong>at\u00a09\u201317 | <strong>27.7.\u20139.8.<\/strong> at 9\u201318<\/p>\n<p>Midsummer exceptions to opening hours:<br \/>\nThu 18.6. at 9\u201316\u00a0 |\u00a0 Fri 19.6. closed<\/p>\n","protected":false},"excerpt":{"rendered":"<p>KAMP 1-3 Kamppi\u2019s studios, Salomonkatu 17 \/ Fredrikinkatu 46 (Autotalo), 2nd floor. Entry with the\u00a0door code\u00a0from Fredrikinkatu street. Use the door on the right from A-main doors.\u00a0Ask for door code at the Student Office! KAS 1-5 Kasarmitori&#8217;s studios, Kasarmikatu 19. Entry from the side of the square. K\u00c4P K\u00e4pyl\u00e4nkuja 1 (Karjalatalo). Entrance from V\u00e4in\u00f6l\u00e4nkuja. Ask [&hellip;]<\/p>\n","protected":false},"author":10,"featured_media":0,"parent":19358,"menu_order":0,"comment_status":"closed","ping_status":"closed","template":"","meta":{"_acf_changed":false,"footnotes":""},"class_list":["post-19360","page","type-page","status-publish","hentry"],"acf":[],"yoast_head":"<!-- This site is optimized with the Yoast SEO plugin v27.5 - https:\/\/yoast.com\/product\/yoast-seo-wordpress\/ -->\n<title>Venues in the summer - Helsingin tanssiopisto<\/title>\n<meta name=\"robots\" content=\"index, follow, max-snippet:-1, max-image-preview:large, max-video-preview:-1\" \/>\n<link rel=\"canonical\" href=\"https:\/\/www.helsingintanssiopisto.fi\/en\/summer\/19360-2\/\" \/>\n<meta property=\"og:locale\" content=\"en_US\" \/>\n<meta property=\"og:type\" content=\"article\" \/>\n<meta property=\"og:title\" content=\"Venues in the summer - Helsingin tanssiopisto\" \/>\n<meta property=\"og:description\" content=\"KAMP 1-3 Kamppi\u2019s studios, Salomonkatu 17 \/ Fredrikinkatu 46 (Autotalo), 2nd floor. Entry with the\u00a0door code\u00a0from Fredrikinkatu street. Use the door on the right from A-main doors.\u00a0Ask for door code at the Student Office! KAS 1-5 Kasarmitori&#8217;s studios, Kasarmikatu 19. Entry from the side of the square. K\u00c4P K\u00e4pyl\u00e4nkuja 1 (Karjalatalo). Entrance from V\u00e4in\u00f6l\u00e4nkuja. Ask [&hellip;]\" \/>\n<meta property=\"og:url\" content=\"https:\/\/www.helsingintanssiopisto.fi\/en\/summer\/19360-2\/\" \/>\n<meta property=\"og:site_name\" content=\"Helsingin tanssiopisto\" \/>\n<meta property=\"article:modified_time\" content=\"2026-02-25T13:19:41+00:00\" \/>\n<meta name=\"twitter:card\" content=\"summary_large_image\" \/>\n<meta name=\"twitter:label1\" content=\"Est. reading time\" \/>\n\t<meta name=\"twitter:data1\" content=\"1 minute\" \/>\n<script type=\"application\/ld+json\" class=\"yoast-schema-graph\">{\"@context\":\"https:\\\/\\\/schema.org\",\"@graph\":[{\"@type\":\"WebPage\",\"@id\":\"https:\\\/\\\/www.helsingintanssiopisto.fi\\\/en\\\/summer\\\/19360-2\\\/\",\"url\":\"https:\\\/\\\/www.helsingintanssiopisto.fi\\\/en\\\/summer\\\/19360-2\\\/\",\"name\":\"Venues in the summer - Helsingin tanssiopisto\",\"isPartOf\":{\"@id\":\"https:\\\/\\\/www.helsingintanssiopisto.fi\\\/#website\"},\"datePublished\":\"2015-06-17T18:53:47+00:00\",\"dateModified\":\"2026-02-25T13:19:41+00:00\",\"breadcrumb\":{\"@id\":\"https:\\\/\\\/www.helsingintanssiopisto.fi\\\/en\\\/summer\\\/19360-2\\\/#breadcrumb\"},\"inLanguage\":\"en-US\",\"potentialAction\":[{\"@type\":\"ReadAction\",\"target\":[\"https:\\\/\\\/www.helsingintanssiopisto.fi\\\/en\\\/summer\\\/19360-2\\\/\"]}]},{\"@type\":\"BreadcrumbList\",\"@id\":\"https:\\\/\\\/www.helsingintanssiopisto.fi\\\/en\\\/summer\\\/19360-2\\\/#breadcrumb\",\"itemListElement\":[{\"@type\":\"ListItem\",\"position\":1,\"name\":\"Home\",\"item\":\"https:\\\/\\\/www.helsingintanssiopisto.fi\\\/en\\\/\"},{\"@type\":\"ListItem\",\"position\":2,\"name\":\"Spend your summer dancing!\",\"item\":\"https:\\\/\\\/www.helsingintanssiopisto.fi\\\/en\\\/summer\\\/\"},{\"@type\":\"ListItem\",\"position\":3,\"name\":\"Venues in the summer\"}]},{\"@type\":\"WebSite\",\"@id\":\"https:\\\/\\\/www.helsingintanssiopisto.fi\\\/#website\",\"url\":\"https:\\\/\\\/www.helsingintanssiopisto.fi\\\/\",\"name\":\"Helsingin tanssiopisto\",\"description\":\"Ihan uusi WordPress-sivusto\",\"potentialAction\":[{\"@type\":\"SearchAction\",\"target\":{\"@type\":\"EntryPoint\",\"urlTemplate\":\"https:\\\/\\\/www.helsingintanssiopisto.fi\\\/?s={search_term_string}\"},\"query-input\":{\"@type\":\"PropertyValueSpecification\",\"valueRequired\":true,\"valueName\":\"search_term_string\"}}],\"inLanguage\":\"en-US\"}]}<\/script>\n<!-- \/ Yoast SEO plugin. -->","yoast_head_json":{"title":"Venues in the summer - Helsingin tanssiopisto","robots":{"index":"index","follow":"follow","max-snippet":"max-snippet:-1","max-image-preview":"max-image-preview:large","max-video-preview":"max-video-preview:-1"},"canonical":"https:\/\/www.helsingintanssiopisto.fi\/en\/summer\/19360-2\/","og_locale":"en_US","og_type":"article","og_title":"Venues in the summer - Helsingin tanssiopisto","og_description":"KAMP 1-3 Kamppi\u2019s studios, Salomonkatu 17 \/ Fredrikinkatu 46 (Autotalo), 2nd floor. Entry with the\u00a0door code\u00a0from Fredrikinkatu street. Use the door on the right from A-main doors.\u00a0Ask for door code at the Student Office! KAS 1-5 Kasarmitori&#8217;s studios, Kasarmikatu 19. Entry from the side of the square. K\u00c4P K\u00e4pyl\u00e4nkuja 1 (Karjalatalo). Entrance from V\u00e4in\u00f6l\u00e4nkuja. Ask [&hellip;]","og_url":"https:\/\/www.helsingintanssiopisto.fi\/en\/summer\/19360-2\/","og_site_name":"Helsingin tanssiopisto","article_modified_time":"2026-02-25T13:19:41+00:00","twitter_card":"summary_large_image","twitter_misc":{"Est. reading time":"1 minute"},"schema":{"@context":"https:\/\/schema.org","@graph":[{"@type":"WebPage","@id":"https:\/\/www.helsingintanssiopisto.fi\/en\/summer\/19360-2\/","url":"https:\/\/www.helsingintanssiopisto.fi\/en\/summer\/19360-2\/","name":"Venues in the summer - Helsingin tanssiopisto","isPartOf":{"@id":"https:\/\/www.helsingintanssiopisto.fi\/#website"},"datePublished":"2015-06-17T18:53:47+00:00","dateModified":"2026-02-25T13:19:41+00:00","breadcrumb":{"@id":"https:\/\/www.helsingintanssiopisto.fi\/en\/summer\/19360-2\/#breadcrumb"},"inLanguage":"en-US","potentialAction":[{"@type":"ReadAction","target":["https:\/\/www.helsingintanssiopisto.fi\/en\/summer\/19360-2\/"]}]},{"@type":"BreadcrumbList","@id":"https:\/\/www.helsingintanssiopisto.fi\/en\/summer\/19360-2\/#breadcrumb","itemListElement":[{"@type":"ListItem","position":1,"name":"Home","item":"https:\/\/www.helsingintanssiopisto.fi\/en\/"},{"@type":"ListItem","position":2,"name":"Spend your summer dancing!","item":"https:\/\/www.helsingintanssiopisto.fi\/en\/summer\/"},{"@type":"ListItem","position":3,"name":"Venues in the summer"}]},{"@type":"WebSite","@id":"https:\/\/www.helsingintanssiopisto.fi\/#website","url":"https:\/\/www.helsingintanssiopisto.fi\/","name":"Helsingin tanssiopisto","description":"Ihan uusi WordPress-sivusto","potentialAction":[{"@type":"SearchAction","target":{"@type":"EntryPoint","urlTemplate":"https:\/\/www.helsingintanssiopisto.fi\/?s={search_term_string}"},"query-input":{"@type":"PropertyValueSpecification","valueRequired":true,"valueName":"search_term_string"}}],"inLanguage":"en-US"}]}},"_links":{"self":[{"href":"https:\/\/www.helsingintanssiopisto.fi\/en\/wp-json\/wp\/v2\/pages\/19360","targetHints":{"allow":["GET"]}}],"collection":[{"href":"https:\/\/www.helsingintanssiopisto.fi\/en\/wp-json\/wp\/v2\/pages"}],"about":[{"href":"https:\/\/www.helsingintanssiopisto.fi\/en\/wp-json\/wp\/v2\/types\/page"}],"author":[{"embeddable":true,"href":"https:\/\/www.helsingintanssiopisto.fi\/en\/wp-json\/wp\/v2\/users\/10"}],"replies":[{"embeddable":true,"href":"https:\/\/www.helsingintanssiopisto.fi\/en\/wp-json\/wp\/v2\/comments?post=19360"}],"version-history":[{"count":5,"href":"https:\/\/www.helsingintanssiopisto.fi\/en\/wp-json\/wp\/v2\/pages\/19360\/revisions"}],"predecessor-version":[{"id":3667669,"href":"https:\/\/www.helsingintanssiopisto.fi\/en\/wp-json\/wp\/v2\/pages\/19360\/revisions\/3667669"}],"up":[{"embeddable":true,"href":"https:\/\/www.helsingintanssiopisto.fi\/en\/wp-json\/wp\/v2\/pages\/19358"}],"wp:attachment":[{"href":"https:\/\/www.helsingintanssiopisto.fi\/en\/wp-json\/wp\/v2\/media?parent=19360"}],"curies":[{"name":"wp","href":"https:\/\/api.w.org\/{rel}","templated":true}]}}